{"id":134177,"date":"2025-08-28T08:05:11","date_gmt":"2025-08-28T08:05:11","guid":{"rendered":"https:\/\/catchupstage.undefi.net\/?page_id=134177"},"modified":"2025-11-14T15:12:07","modified_gmt":"2025-11-14T15:12:07","slug":"legal","status":"publish","type":"page","link":"https:\/\/www.puma-catchup.com\/fr\/legal\/","title":{"rendered":"Juridique"},"content":{"rendered":"<!-- row divider -->\n<div class=\"row rowSingleColumnNarrow spacing\">\n    <div class=\"col\">\n   <\/div>\n<\/div>\n\n\n<!-- row headline -->\n<div class=\"row headlineBlock rowSingleColumnWide\">\n    <div class=\"col\" style=\"margin-bottom: 2px;\">\n        <h2 >Mentions l\u00e9gales<\/h2>\n    <\/div>\n<\/div>\n\n\n<!-- row divider -->\n<div class=\"row rowSingleColumnNarrow spacing\">\n    <div class=\"col\">\n   <\/div>\n<\/div>\n\n\n<!-- row text single -->\n<div class=\"gradientnone\">\n<div class=\"row rowSingleColumnWide spacing\">\n    <div class=\"col articleText\">\n        <div class=\"textStyle_default\" >Ce site Internet est fourni par PUMA SE, PUMA Way 1, 91074 Herzogenaurach, Allemagne (\u201c PUMA \u201c).  En utilisant ce site Web, l'utilisateur accepte les termes et conditions \u00e9nonc\u00e9s dans cette notice l\u00e9gale.<\/div>\n   <\/div>\n<\/div>\n<\/div>\n\n\n<!-- row text single -->\n<div class=\"gradientnone\">\n<div class=\"row rowSingleColumnWide spacing\">\n    <div class=\"col articleText\">\n        <div class=\"textStyle_default\" ><h3>1. DROITS D'AUTEUR ET D'UTILISATION\u00a0<br><\/h3>Tout le contenu publi\u00e9 sur ce site (y compris les textes, les images, les vid\u00e9os et les graphiques) est prot\u00e9g\u00e9 par des droits d'auteur. Toute reproduction, modification, distribution ou autre utilisation, \u00e0 moins qu'elle ne soit express\u00e9ment autoris\u00e9e par la loi, requiert l'autorisation \u00e9crite pr\u00e9alable de PUMA.<\/div>\n   <\/div>\n<\/div>\n<\/div>\n\n\n<!-- row text single -->\n<div class=\"gradientnone\">\n<div class=\"row rowSingleColumnWide spacing\">\n    <div class=\"col articleText\">\n        <div class=\"textStyle_default\" ><h3>2. MARQUES DE COMMERCE<br><\/h3>Les marques, logos et autres identifiants prot\u00e9g\u00e9s (\u201c marques \u201c) figurant sur ce site Internet sont la propri\u00e9t\u00e9 de PUMA, de ses soci\u00e9t\u00e9s affili\u00e9es ou de tiers. L'utilisation de ces marques sans autorisation pr\u00e9alable n'est pas autoris\u00e9e. Les utilisateurs reconnaissent la propri\u00e9t\u00e9 de ces marques. Aucun droit, titre ou int\u00e9r\u00eat dans les marques n'est acquis par l'utilisation de ce site Internet.\u00a0\u00a0<\/div>\n   <\/div>\n<\/div>\n<\/div>\n\n\n<!-- row text single -->\n<div class=\"gradientnone\">\n<div class=\"row rowSingleColumnWide spacing\">\n    <div class=\"col articleText\">\n        <div class=\"textStyle_default\" ><h3>3. UTILISATION INTERDITE\u00a0<\/h3><strong>3.1 Activit\u00e9s g\u00e9n\u00e9rales interdites<br><\/strong>Toute utilisation ill\u00e9gale ou r\u00e9pr\u00e9hensible de ce site web est strictement interdite. L'utilisateur s'engage \u00e0 ne pas s'engager, par l'interm\u00e9diaire de ce site, dans des activit\u00e9s ill\u00e9gales, pr\u00e9judiciables \u00e0 autrui ou susceptibles d'engager sa responsabilit\u00e9 civile. Cela inclut, sans s'y limiter, (i) la transmission d'informations ill\u00e9gales, mena\u00e7antes, harcelantes, obsc\u00e8nes, sexuellement explicites, haineuses, diffamatoires ou autrement inappropri\u00e9es ; (ii) l'envoi de courrier ind\u00e9sirable ou de spam ; (iii) la promotion ou l'utilisation de virus ou de logiciels malveillants ; (iv) la violation d'une loi, d'un r\u00e8glement ou d'un statut ; et (v) la violation de tout droit de propri\u00e9t\u00e9 prot\u00e9g\u00e9 par la loi.<br><br><strong>3.2 Interdiction de la collecte automatis\u00e9e de donn\u00e9es et de l'apprentissage automatique\u00a0<br><\/strong>L'utilisateur ne peut utiliser aucun contenu publi\u00e9 sur ce site Internet dans le but d'entra\u00eener, de d\u00e9velopper ou d'am\u00e9liorer des mod\u00e8les d'apprentissage automatique, des syst\u00e8mes d'intelligence artificielle ou tout autre syst\u00e8me automatis\u00e9 d'analyse ou d'exploration de donn\u00e9es, sans l'accord \u00e9crit pr\u00e9alable de PUMA. L'utilisation interdite comprend, mais n'est pas limit\u00e9e \u00e0, la copie, le grattage, la r\u00e9colte ou la collecte de contenu pour une utilisation dans un processus d'intelligence artificielle ou d'exploration de donn\u00e9es. Toute utilisation de ce type est strictement interdite, sauf autorisation de PUMA.<\/div>\n   <\/div>\n<\/div>\n<\/div>\n\n\n<!-- row text single -->\n<div class=\"gradientnone\">\n<div class=\"row rowSingleColumnWide spacing\">\n    <div class=\"col articleText\">\n        <div class=\"textStyle_default\" ><h3>4. CONTENU DE TIERS\u00a0<\/h3><strong>4.1 Liens vers des sites web externes\u00a0<br><\/strong>Ce site web peut contenir des liens vers des sites web de tiers. Ces liens sont fournis uniquement pour la commodit\u00e9 de l'utilisateur. PUMA ne contr\u00f4le pas et n'approuve ni ne garantit leur exactitude, leur exhaustivit\u00e9 ou leur l\u00e9galit\u00e9. Avant de cr\u00e9er un lien, PUMA a v\u00e9rifi\u00e9 que ces sites ne pr\u00e9sentaient pas de violations l\u00e9gales \u00e9videntes. Cependant, un contr\u00f4le continu des sites li\u00e9s n'est pas possible en l'absence d'indications sp\u00e9cifiques de contenu ill\u00e9gal. Si PUMA a connaissance d'un contenu ill\u00e9gal sur les sites li\u00e9s, ces liens seront imm\u00e9diatement supprim\u00e9s. Les utilisateurs suivent les liens externes \u00e0 leurs propres risques.\u00a0\u00a0\u00a0<br><br><strong>4.2 Vid\u00e9os int\u00e9gr\u00e9es\u00a0\u00a0<br><\/strong>Ce site web int\u00e8gre des vid\u00e9os provenant de plateformes tierces, telles que YouTube. Ces vid\u00e9os int\u00e9gr\u00e9es peuvent collecter des donn\u00e9es personnelles telles que les adresses IP lorsque le site web est charg\u00e9, m\u00eame si la vid\u00e9o n'est pas lue.<\/div>\n   <\/div>\n<\/div>\n<\/div>\n\n\n<!-- row text single -->\n<div class=\"gradientnone\">\n<div class=\"row rowSingleColumnWide spacing\">\n    <div class=\"col articleText\">\n        <div class=\"textStyle_default\" ><h3>5. MODIFICATION DES CONDITIONS\u00a0<br><\/h3>PUMA se r\u00e9serve le droit de mettre \u00e0 jour ces termes et conditions. Les modifications seront disponibles sur ce site Internet et s'appliqueront uniquement \u00e0 l'avenir. \u00a0<\/div>\n   <\/div>\n<\/div>\n<\/div>\n\n\n<!-- row text single -->\n<div class=\"gradientnone\">\n<div class=\"row rowSingleColumnWide spacing\">\n    <div class=\"col articleText\">\n        <div class=\"textStyle_default\" ><h3>6. CONFIDENTIALIT\u00c9 DES DONN\u00c9ES\u00a0<br><\/h3>Toute donn\u00e9e personnelle sera gard\u00e9e strictement confidentielle conform\u00e9ment \u00e0 la l\u00e9gislation applicable en mati\u00e8re de protection des donn\u00e9es. Veuillez vous r\u00e9f\u00e9rer \u00e0 notre <a href=\"https:\/\/www.puma-catchup.com\/fr\/data-protection\/\">Politique de confidentialit\u00e9<\/a>\u00a0pour de plus amples informations sur la protection des donn\u00e9es. La politique de confidentialit\u00e9 fait partie int\u00e9grante des pr\u00e9sentes conditions g\u00e9n\u00e9rales.<\/div>\n   <\/div>\n<\/div>\n<\/div>\n\n\n<!-- row text single -->\n<div class=\"gradientnone\">\n<div class=\"row rowSingleColumnWide spacing\">\n    <div class=\"col articleText\">\n        <div class=\"textStyle_default\" ><h3>7. GARANTIES ET LIMITATION DE LA RESPONSABILIT\u00c9\u00a0<br><\/h3>PUMA prend soin de maintenir et de mettre \u00e0 jour ce site Internet mais ne garantit pas l'exactitude, l'exhaustivit\u00e9 ou la disponibilit\u00e9 du contenu.\u00a0\u00a0<br>PUMA est responsable sans limitation en cas d'intention et de n\u00e9gligence grave. En ce qui concerne la n\u00e9gligence l\u00e9g\u00e8re, la responsabilit\u00e9 de PUMA sera limit\u00e9e et restreinte aux dommages pr\u00e9visibles qui pourraient normalement survenir dans le cadre du contrat en cas de violation d'une obligation dont le respect est essentiel \u00e0 la bonne ex\u00e9cution du contrat et sur le respect de laquelle le client peut r\u00e9guli\u00e8rement compter (obligation cardinale).\u00a0<br>Les limitations ou exclusions de responsabilit\u00e9 susmentionn\u00e9es ne s'appliquent pas aux r\u00e9clamations r\u00e9sultant de la dissimulation frauduleuse d'un d\u00e9faut, de l'acceptation d'une garantie et des r\u00e9clamations au titre de la loi allemande sur la responsabilit\u00e9 du fait des produits (Produkthaftungsgesetz), ni aux dommages r\u00e9sultant d'atteintes \u00e0 la vie, \u00e0 l'int\u00e9grit\u00e9 physique ou \u00e0 la sant\u00e9.\u00a0<br>Dans la mesure o\u00f9 la responsabilit\u00e9 de PUMA est exclue ou limit\u00e9e, cette exclusion ou limitation s'applique \u00e9galement \u00e0 la responsabilit\u00e9 personnelle de ses employ\u00e9s, repr\u00e9sentants et agents d'ex\u00e9cution.<\/div>\n   <\/div>\n<\/div>\n<\/div>\n\n\n<!-- row text single -->\n<div class=\"gradientnone\">\n<div class=\"row rowSingleColumnWide spacing\">\n    <div class=\"col articleText\">\n        <div class=\"textStyle_default\" ><h3>8. DROIT APPLICABLE, LIEU DE JURIDICTION\u00a0<br><\/h3>Si l'utilisateur est un consommateur, les dispositions l\u00e9gales obligatoires et les droits des consommateurs de votre lieu de r\u00e9sidence ne sont pas affect\u00e9s.\u00a0\u00a0<br>Pour les utilisateurs qui sont des commer\u00e7ants (Kaufleute) au sens du code de commerce allemand (Handelsgesetzbuch), le droit allemand s'applique et la juridiction comp\u00e9tente est celle de Nuremberg.<\/div>\n   <\/div>\n<\/div>\n<\/div>\n\n\n<!-- row text single -->\n<div class=\"gradientnone\">\n<div class=\"row rowSingleColumnWide spacing\">\n    <div class=\"col articleText\">\n        <div class=\"textStyle_default\" >\u00a9 PUMA SE, 2025<\/div>\n   <\/div>\n<\/div>\n<\/div>","protected":false},"excerpt":{"rendered":"","protected":false},"author":3,"featured_media":0,"parent":0,"menu_order":0,"comment_status":"closed","ping_status":"closed","template":"","meta":{"is_top_article":false,"is_featured_article":true,"EasyPostViewCounter":3525,"meta-headline":"","footnotes":""},"class_list":["post-134177","page","type-page","status-publish","hentry"],"_links":{"self":[{"href":"https:\/\/www.puma-catchup.com\/fr\/wp-json\/wp\/v2\/pages\/134177","targetHints":{"allow":["GET"]}}],"collection":[{"href":"https:\/\/www.puma-catchup.com\/fr\/wp-json\/wp\/v2\/pages"}],"about":[{"href":"https:\/\/www.puma-catchup.com\/fr\/wp-json\/wp\/v2\/types\/page"}],"author":[{"embeddable":true,"href":"https:\/\/www.puma-catchup.com\/fr\/wp-json\/wp\/v2\/users\/3"}],"replies":[{"embeddable":true,"href":"https:\/\/www.puma-catchup.com\/fr\/wp-json\/wp\/v2\/comments?post=134177"}],"version-history":[{"count":0,"href":"https:\/\/www.puma-catchup.com\/fr\/wp-json\/wp\/v2\/pages\/134177\/revisions"}],"wp:attachment":[{"href":"https:\/\/www.puma-catchup.com\/fr\/wp-json\/wp\/v2\/media?parent=134177"}],"curies":[{"name":"wp","href":"https:\/\/api.w.org\/{rel}","templated":true}]}}