{"id":134177,"date":"2025-08-28T08:05:11","date_gmt":"2025-08-28T08:05:11","guid":{"rendered":"https:\/\/catchupstage.undefi.net\/?page_id=134177"},"modified":"2025-11-14T15:12:07","modified_gmt":"2025-11-14T15:12:07","slug":"legal","status":"publish","type":"page","link":"https:\/\/www.puma-catchup.com\/es\/legal\/","title":{"rendered":"Informaci\u00f3n legal"},"content":{"rendered":"<!-- row divider -->\n<div class=\"row rowSingleColumnNarrow spacing\">\n    <div class=\"col\">\n   <\/div>\n<\/div>\n\n\n<!-- row headline -->\n<div class=\"row headlineBlock rowSingleColumnWide\">\n    <div class=\"col\" style=\"margin-bottom: 2px;\">\n        <h2 >t\u00e9rminos legales<\/h2>\n    <\/div>\n<\/div>\n\n\n<!-- row divider -->\n<div class=\"row rowSingleColumnNarrow spacing\">\n    <div class=\"col\">\n   <\/div>\n<\/div>\n\n\n<!-- row text single -->\n<div class=\"gradientnone\">\n<div class=\"row rowSingleColumnWide spacing\">\n    <div class=\"col articleText\">\n        <div class=\"textStyle_default\" >Este sitio web lo proporciona PUMA SE, PUMA Way 1, 91074 Herzogenaurach, Alemania (\u201cPUMA\u201c).  Al utilizar este sitio web, el usuario acepta los t\u00e9rminos y condiciones establecidos en este aviso legal.<\/div>\n   <\/div>\n<\/div>\n<\/div>\n\n\n<!-- row text single -->\n<div class=\"gradientnone\">\n<div class=\"row rowSingleColumnWide spacing\">\n    <div class=\"col articleText\">\n        <div class=\"textStyle_default\" ><h3>1. DERECHOS DE AUTOR Y DE USO\u00a0<br><\/h3>Todo el contenido publicado en este sitio web (incluidos textos, im\u00e1genes, v\u00eddeos y gr\u00e1ficos) est\u00e1 protegido por derechos de autor. Cualquier reproducci\u00f3n, modificaci\u00f3n, distribuci\u00f3n u otro uso, a menos que est\u00e9 expresamente permitido por la ley, requiere el permiso previo por escrito de PUMA.<\/div>\n   <\/div>\n<\/div>\n<\/div>\n\n\n<!-- row text single -->\n<div class=\"gradientnone\">\n<div class=\"row rowSingleColumnWide spacing\">\n    <div class=\"col articleText\">\n        <div class=\"textStyle_default\" ><h3>2. MARCAS<br><\/h3>Las marcas comerciales, logotipos y otros identificadores protegidos (\u201cmarcas\u201c) que aparecen en este sitio web son propiedad de PUMA, de sus empresas afiliadas o de terceros. No est\u00e1 permitido el uso de estas marcas sin autorizaci\u00f3n previa. Los usuarios reconocen y aceptan la propiedad de estas marcas. No se adquiere ning\u00fan derecho, t\u00edtulo o inter\u00e9s en las marcas a trav\u00e9s del uso de este sitio web.\u00a0\u00a0<\/div>\n   <\/div>\n<\/div>\n<\/div>\n\n\n<!-- row text single -->\n<div class=\"gradientnone\">\n<div class=\"row rowSingleColumnWide spacing\">\n    <div class=\"col articleText\">\n        <div class=\"textStyle_default\" ><h3>3. USO PROHIBIDO\u00a0<\/h3><strong>3.1 Actividades generales prohibidas<br><\/strong>Cualquier uso ilegal o censurable de este sitio web est\u00e1 estrictamente prohibido. El usuario se compromete a no realizar a trav\u00e9s de este sitio web ninguna actividad ilegal, perjudicial para terceros o que pueda dar lugar a responsabilidad civil. Esto incluye, pero no se limita a, (i) transmitir informaci\u00f3n ilegal, amenazadora, acosadora, obscena, sexualmente expl\u00edcita, odiosa, difamatoria o inapropiada; (ii) enviar correo basura o spam; (iii) promover o utilizar virus o malware; (iv) actuar en violaci\u00f3n de cualquier ley, reglamento o estatuto; y (v) infringir cualquier derecho de propiedad legalmente protegido.<br><br><strong>3.2 Prohibici\u00f3n de la recogida automatizada de datos y del aprendizaje autom\u00e1tico\u00a0<br><\/strong>El usuario no podr\u00e1 utilizar ning\u00fan contenido publicado en este sitio web con el fin de entrenar, desarrollar o mejorar modelos de aprendizaje autom\u00e1tico, sistemas de inteligencia artificial o cualquier otro sistema automatizado de an\u00e1lisis o extracci\u00f3n de datos sin el consentimiento previo por escrito de PUMA. El uso prohibido incluye, pero no se limita a, copiar, raspar, cosechar o recopilar contenido para su uso en cualquier proceso de inteligencia artificial o miner\u00eda de datos. Cualquier uso de este tipo est\u00e1 estrictamente prohibido, salvo autorizaci\u00f3n expresa de PUMA.<\/div>\n   <\/div>\n<\/div>\n<\/div>\n\n\n<!-- row text single -->\n<div class=\"gradientnone\">\n<div class=\"row rowSingleColumnWide spacing\">\n    <div class=\"col articleText\">\n        <div class=\"textStyle_default\" ><h3>4. CONTENIDOS DE TERCEROS\u00a0<\/h3><strong>4.1 Enlaces a sitios web externos\u00a0<br><\/strong>Este sitio web puede contener enlaces a sitios web de terceros. Dichos enlaces se proporcionan \u00fanicamente para comodidad del usuario. PUMA no controla y no respalda ni garantiza su exactitud, integridad o legalidad. Antes de enlazar, PUMA ha revisado estos sitios para detectar infracciones legales evidentes. Sin embargo, la supervisi\u00f3n continua de los sitios enlazados no es factible sin indicaciones espec\u00edficas de contenido ilegal. Si PUMA tiene conocimiento de cualquier contenido ilegal en los sitios enlazados, dichos enlaces se eliminar\u00e1n inmediatamente. Los usuarios siguen los enlaces externos bajo su propia responsabilidad.\u00a0\u00a0\u00a0<br><br><strong>4.2 V\u00eddeos incrustados\u00a0\u00a0<br><\/strong>Este sitio web incorpora v\u00eddeos de plataformas de terceros, como YouTube. Estos v\u00eddeos incrustados pueden recopilar datos personales, como direcciones IP, cuando se carga el sitio web, aunque no se reproduzca el v\u00eddeo.<\/div>\n   <\/div>\n<\/div>\n<\/div>\n\n\n<!-- row text single -->\n<div class=\"gradientnone\">\n<div class=\"row rowSingleColumnWide spacing\">\n    <div class=\"col articleText\">\n        <div class=\"textStyle_default\" ><h3>5. MODIFICACI\u00d3N DE LAS CONDICIONES\u00a0<br><\/h3>PUMA se reserva el derecho de actualizar estos t\u00e9rminos y condiciones. Las modificaciones estar\u00e1n disponibles en este sitio web y se aplicar\u00e1n \u00fanicamente a usos futuros. \u00a0<\/div>\n   <\/div>\n<\/div>\n<\/div>\n\n\n<!-- row text single -->\n<div class=\"gradientnone\">\n<div class=\"row rowSingleColumnWide spacing\">\n    <div class=\"col articleText\">\n        <div class=\"textStyle_default\" ><h3>6. PRIVACIDAD DE LOS DATOS\u00a0<br><\/h3>Todos los datos personales se mantendr\u00e1n estrictamente confidenciales de conformidad con la legislaci\u00f3n aplicable en materia de protecci\u00f3n de datos. Consulte nuestra <a href=\"https:\/\/www.puma-catchup.com\/es\/data-protection\/\">Pol\u00edtica de privacidad<\/a>\u00a0para m\u00e1s informaci\u00f3n sobre la protecci\u00f3n de datos. La Pol\u00edtica de Privacidad forma parte integrante de las presentes Condiciones Generales.<\/div>\n   <\/div>\n<\/div>\n<\/div>\n\n\n<!-- row text single -->\n<div class=\"gradientnone\">\n<div class=\"row rowSingleColumnWide spacing\">\n    <div class=\"col articleText\">\n        <div class=\"textStyle_default\" ><h3>7. GARANT\u00cdAS Y LIMITACI\u00d3N DE RESPONSABILIDAD\u00a0<br><\/h3>PUMA se esfuerza por mantener y actualizar este sitio web, pero no garantiza la exactitud, integridad o disponibilidad del contenido.\u00a0\u00a0<br>PUMA responder\u00e1 ilimitadamente por dolo y negligencia grave. Con respecto a la negligencia leve, la responsabilidad de PUMA se limitar\u00e1 y restringir\u00e1 a los da\u00f1os previsibles que puedan producirse t\u00edpicamente en virtud del contrato si se incumple una obligaci\u00f3n cuyo cumplimiento sea esencial para la correcta ejecuci\u00f3n del contrato y en cuyo cumplimiento pueda confiar regularmente el cliente (deber cardinal).\u00a0<br>Las anteriores limitaciones o exclusiones de responsabilidad no se aplicar\u00e1n a las reclamaciones derivadas de la ocultaci\u00f3n fraudulenta de un defecto, la aceptaci\u00f3n de una garant\u00eda y las reclamaciones en virtud de la Ley alemana de Responsabilidad por Productos Defectuosos (Produkthaftungsgesetz), ni a los da\u00f1os derivados de lesiones contra la vida, el cuerpo o la salud.\u00a0<br>En la medida en que la responsabilidad de PUMA est\u00e9 excluida o limitada, dicha exclusi\u00f3n o limitaci\u00f3n tambi\u00e9n se aplicar\u00e1 a la responsabilidad personal de sus empleados, representantes y auxiliares ejecutivos.<\/div>\n   <\/div>\n<\/div>\n<\/div>\n\n\n<!-- row text single -->\n<div class=\"gradientnone\">\n<div class=\"row rowSingleColumnWide spacing\">\n    <div class=\"col articleText\">\n        <div class=\"textStyle_default\" ><h3>8. LEY APLICABLE, LUGAR DE JURISDICCI\u00d3N\u00a0<br><\/h3>Si el usuario es un consumidor, no se ver\u00e1n afectadas las normas legales obligatorias de la jurisdicci\u00f3n ni los derechos del consumidor en su lugar de residencia.\u00a0\u00a0<br>Para los usuarios que sean comerciantes (Kaufleute), tal como se definen en el C\u00f3digo de Comercio alem\u00e1n (Handelsgesetzbuch), se aplicar\u00e1 la legislaci\u00f3n alemana, y el lugar de jurisdicci\u00f3n ser\u00e1 Nuremberg.<\/div>\n   <\/div>\n<\/div>\n<\/div>\n\n\n<!-- row text single -->\n<div class=\"gradientnone\">\n<div class=\"row rowSingleColumnWide spacing\">\n    <div class=\"col articleText\">\n        <div class=\"textStyle_default\" >\u00a9 PUMA SE, 2025<\/div>\n   <\/div>\n<\/div>\n<\/div>","protected":false},"excerpt":{"rendered":"","protected":false},"author":3,"featured_media":0,"parent":0,"menu_order":0,"comment_status":"closed","ping_status":"closed","template":"","meta":{"is_top_article":false,"is_featured_article":true,"EasyPostViewCounter":3540,"meta-headline":"","footnotes":""},"class_list":["post-134177","page","type-page","status-publish","hentry"],"_links":{"self":[{"href":"https:\/\/www.puma-catchup.com\/es\/wp-json\/wp\/v2\/pages\/134177","targetHints":{"allow":["GET"]}}],"collection":[{"href":"https:\/\/www.puma-catchup.com\/es\/wp-json\/wp\/v2\/pages"}],"about":[{"href":"https:\/\/www.puma-catchup.com\/es\/wp-json\/wp\/v2\/types\/page"}],"author":[{"embeddable":true,"href":"https:\/\/www.puma-catchup.com\/es\/wp-json\/wp\/v2\/users\/3"}],"replies":[{"embeddable":true,"href":"https:\/\/www.puma-catchup.com\/es\/wp-json\/wp\/v2\/comments?post=134177"}],"version-history":[{"count":0,"href":"https:\/\/www.puma-catchup.com\/es\/wp-json\/wp\/v2\/pages\/134177\/revisions"}],"wp:attachment":[{"href":"https:\/\/www.puma-catchup.com\/es\/wp-json\/wp\/v2\/media?parent=134177"}],"curies":[{"name":"wp","href":"https:\/\/api.w.org\/{rel}","templated":true}]}}