{"id":134177,"date":"2025-08-28T08:05:11","date_gmt":"2025-08-28T08:05:11","guid":{"rendered":"https:\/\/catchupstage.undefi.net\/?page_id=134177"},"modified":"2025-11-14T15:12:07","modified_gmt":"2025-11-14T15:12:07","slug":"legal","status":"publish","type":"page","link":"https:\/\/www.puma-catchup.com\/de\/legal\/","title":{"rendered":"Rechtliche Hinweise"},"content":{"rendered":"<!-- row divider -->\n<div class=\"row rowSingleColumnNarrow spacing\">\n    <div class=\"col\">\n   <\/div>\n<\/div>\n\n\n<!-- row headline -->\n<div class=\"row headlineBlock rowSingleColumnWide\">\n    <div class=\"col\" style=\"margin-bottom: 2px;\">\n        <h2 >RECHTLICHE HINWEISE<\/h2>\n    <\/div>\n<\/div>\n\n\n<!-- row divider -->\n<div class=\"row rowSingleColumnNarrow spacing\">\n    <div class=\"col\">\n   <\/div>\n<\/div>\n\n\n<!-- row text single -->\n<div class=\"gradientnone\">\n<div class=\"row rowSingleColumnWide spacing\">\n    <div class=\"col articleText\">\n        <div class=\"textStyle_default\" >Diese Website wird bereitgestellt von PUMA SE, PUMA Way 1, 91074 Herzogenaurach, Deutschland (\u201ePUMA\u201c). Mit der Nutzung dieser Website akzeptiert der Nutzer die in diesen rechtlichen Hinweisen festgelegten Nutzungsbedingungen.<\/div>\n   <\/div>\n<\/div>\n<\/div>\n\n\n<!-- row text single -->\n<div class=\"gradientnone\">\n<div class=\"row rowSingleColumnWide spacing\">\n    <div class=\"col articleText\">\n        <div class=\"textStyle_default\" ><h3>1. URHEBERRECHT UND NUTZUNGSRECHTE\u00a0<br><\/h3>Alle auf dieser Website ver\u00f6ffentlichten Inhalte (einschlie\u00dflich Texten, Bildern, Videos und Grafiken) sind urheberrechtlich gesch\u00fctzt. Jede Vervielf\u00e4ltigung, \u00c4nderung, Verbreitung oder sonstige Nutzung bedarf, sofern gesetzlich nicht ausdr\u00fccklich gestattet, der vorherigen schriftlichen Zustimmung von PUMA.<\/div>\n   <\/div>\n<\/div>\n<\/div>\n\n\n<!-- row text single -->\n<div class=\"gradientnone\">\n<div class=\"row rowSingleColumnWide spacing\">\n    <div class=\"col articleText\">\n        <div class=\"textStyle_default\" ><h3>2. MARKEN<br><\/h3>Auf dieser Website dargestellte Marken, Logos und andere gesch\u00fctzte Kennzeichen (\u201eMarken\u201c) sind Eigentum von PUMA, verbundenen Unternehmen im PUMA-Konzern oder Dritten. Die Nutzung dieser Marken ohne vorherige Genehmigung von PUMA ist nicht gestattet. Die Nutzer erkennen das Eigentum an diesen Marken an. Durch die Nutzung dieser Website werden keinerlei Rechte, Titel oder Anspr\u00fcche an diesen Marken erworben.\u00a0\u00a0<\/div>\n   <\/div>\n<\/div>\n<\/div>\n\n\n<!-- row text single -->\n<div class=\"gradientnone\">\n<div class=\"row rowSingleColumnWide spacing\">\n    <div class=\"col articleText\">\n        <div class=\"textStyle_default\" ><h3>3. UNZUL\u00c4SSIGE NUTZUNG\u00a0<\/h3><strong>3.1 Allgemein unzul\u00e4ssige Aktivit\u00e4ten<br><\/strong>Jegliche rechtswidrige oder anst\u00f6\u00dfige Nutzung dieser Website ist strikt untersagt. Der Nutzer verpflichtet sich, keine Aktivit\u00e4ten \u00fcber diese Website vorzunehmen, die rechtswidrig sind, anderen schaden oder zu zivilrechtlicher Haftung f\u00fchren k\u00f6nnen. Dies umfasst unter anderem: (i) die \u00dcbermittlung von rechtswidrigen, bedrohenden, bel\u00e4stigenden, obsz\u00f6nen, sexuell expliziten, hasserf\u00fcllten, verleumderischen oder anderweitig unangemessenen Informationen; (ii) das Versenden von Junk-Mail oder Spam; (iii) das Verbreiten oder Nutzen von Viren oder Schadsoftware; (iv) Handlungen im Widerspruch zu geltendem Recht, Verordnungen oder Vorschriften; sowie (v) die Verletzung gesetzlich gesch\u00fctzter Rechte Dritter.<br><br><strong>3.2 Verbot automatisierter Datenerfassung und Machine Learning\u00a0<br><\/strong>Der Nutzer darf die Inhalte, die auf dieser Website ver\u00f6ffentlicht wurden, nicht f\u00fcr Zwecke des Trainings, der Entwicklung oder der Verbesserung von Machine-Learning-Modellen, k\u00fcnstlichen Intelligenzsystemen oder sonstigen automatisierten Datenanalyse- oder Data-Mining-Systemen verwenden, ohne die ausdr\u00fcckliche vorherige schriftliche Zustimmung von PUMA. Erfasst von diesem Verbot sind unter anderem das Kopieren, Scraping, Sammeln oder anderweitige Erfassen von Inhalten zur Nutzung in einem KI- oder Data-Mining-Prozess. Eine solche Nutzung ist ohne Genehmigung durch PUMA streng untersagt.<\/div>\n   <\/div>\n<\/div>\n<\/div>\n\n\n<!-- row text single -->\n<div class=\"gradientnone\">\n<div class=\"row rowSingleColumnWide spacing\">\n    <div class=\"col articleText\">\n        <div class=\"textStyle_default\" ><h3>4. INHALTE DRITTER\u00a0<\/h3><strong>4.1 Links zu externen Websites\u00a0<br><\/strong>Diese Website kann Links zu Websites Dritter enthalten. Solche Links dienen ausschlie\u00dflich der Nutzerfreundlichkeit. PUMA kontrolliert diese Seiten nicht und \u00fcbernimmt keine Gew\u00e4hr f\u00fcr deren Richtigkeit, Vollst\u00e4ndigkeit oder Rechtm\u00e4\u00dfigkeit. Vor der Verlinkung hat PUMA die Seiten auf offensichtliche Rechtsverst\u00f6\u00dfe gepr\u00fcft. Eine fortlaufende \u00dcberwachung ist jedoch ohne konkrete Hinweise auf rechtswidrige Inhalte nicht zumutbar. Sollte PUMA jedoch Kenntnis von rechtswidrigen Inhalten auf verlinkten Seiten erlangen, werden diese Links umgehend entfernt. Die Nutzung externer Links erfolgt auf eigenes Risiko des Nutzers.\u00a0\u00a0\u00a0<br><br><strong>4.2 Eingebettete Videos\u00a0\u00a0<br><\/strong>Diese Website bindet Videos von Drittplattformen wie YouTube ein. Diese eingebetteten Videos k\u00f6nnen personenbezogene Daten wie IP-Adressen erfassen, sobald die Webseite geladen wird \u2013 auch wenn das Video nicht abgespielt wird.<\/div>\n   <\/div>\n<\/div>\n<\/div>\n\n\n<!-- row text single -->\n<div class=\"gradientnone\">\n<div class=\"row rowSingleColumnWide spacing\">\n    <div class=\"col articleText\">\n        <div class=\"textStyle_default\" ><h3>5. \u00c4NDERUNGEN DIESER BEDINGUNGEN\u00a0<br><\/h3>PUMA beh\u00e4lt sich das Recht vor, die Bedingungen in diesen rechtlichen Hinweisen jederzeit zu aktualisieren. \u00c4nderungen werden auf dieser Website ver\u00f6ffentlicht und gelten ausschlie\u00dflich f\u00fcr die zuk\u00fcnftige Nutzung. \u00a0<\/div>\n   <\/div>\n<\/div>\n<\/div>\n\n\n<!-- row text single -->\n<div class=\"gradientnone\">\n<div class=\"row rowSingleColumnWide spacing\">\n    <div class=\"col articleText\">\n        <div class=\"textStyle_default\" ><h3>6. DATENSCHUTZ\u00a0<br><\/h3>Personenbezogene Daten werden gem\u00e4\u00df den geltenden Datenschutzgesetzen streng vertraulich behandelt. Bitte beachten Sie die PUMA <a href=\"https:\/\/www.puma-catchup.com\/de\/data-protection\/\">Datenschutzinformation<\/a>\u00a0f\u00fcr weitere Informationen zum Datenschutz. Die Datenschutzerkl\u00e4rung ist Bestandteil dieser Nutzungsbedingungen.<\/div>\n   <\/div>\n<\/div>\n<\/div>\n\n\n<!-- row text single -->\n<div class=\"gradientnone\">\n<div class=\"row rowSingleColumnWide spacing\">\n    <div class=\"col articleText\">\n        <div class=\"textStyle_default\" ><h3>7. GEW\u00c4HRLEISTUNG &amp; HAFTUNGSBESCHR\u00c4NKUNG\u00a0<br><\/h3>PUMA bem\u00fcht sich, diese Website aktuell und ordentlich gewartet zu halten, \u00fcbernimmt jedoch keine Gew\u00e4hr f\u00fcr die Richtigkeit, Vollst\u00e4ndigkeit oder Verf\u00fcgbarkeit der Inhalte.\u00a0\u00a0<br>PUMA haftet uneingeschr\u00e4nkt f\u00fcr eigene vors\u00e4tzliche und grob fahrl\u00e4ssige Vertragsverletzungen. In Bezug auf leicht fahrl\u00e4ssige Verst\u00f6\u00dfe beschr\u00e4nkt sich die Haftung von PUMA auf vorhersehbare Sch\u00e4den, die typischerweise entstehen, wenn Vertragsverpflichtungen nicht eingehalten werden, deren Erf\u00fcllung wesentlich f\u00fcr die ordnungsgem\u00e4\u00dfe Vertragserf\u00fcllung ist und auf deren Einhaltung der Kunde vertrauen darf (Kardinalspflicht).\u00a0<br>Die vorgenannten Haftungsbeschr\u00e4nkungen bzw. -ausschl\u00fcsse gelten nicht f\u00fcr Anspr\u00fcche, die aus arglistigem Verschweigen eines Mangels entstehen, f\u00fcr Garantieanspr\u00fcche und Anspr\u00fcche gem\u00e4\u00df dem Produkthaftungsgesetz und nicht f\u00fcr aus der Verletzung des Lebens, des K\u00f6rpers oder der Gesundheit entstandene Sch\u00e4den.\u00a0<br>Im selben Umfang, in dem PUMAs Haftung ausgeschlossen oder beschr\u00e4nkt ist, gilt dieser Haftungsausschluss bzw. diese Haftungsbeschr\u00e4nkung auch f\u00fcr die pers\u00f6nliche Haftung der Mitarbeiter\/innnen, Vertreter\/innen und Erf\u00fcllungsgehilfen von PUMA.<\/div>\n   <\/div>\n<\/div>\n<\/div>\n\n\n<!-- row text single -->\n<div class=\"gradientnone\">\n<div class=\"row rowSingleColumnWide spacing\">\n    <div class=\"col articleText\">\n        <div class=\"textStyle_default\" ><h3>8. ANWENDBARES RECHT, GERICHTSSTAND\u00a0<br><\/h3>Ist der Nutzer Verbraucher, bleiben zwingende gesetzliche Regelungen zum Gerichtsstand und die Verbraucherrechte an seinem Wohnsitz unber\u00fchrt.\u00a0\u00a0<br>F\u00fcr Nutzer, die Kaufleute im Sinne des Handelsgesetzbuches (HGB) sind, gilt deutsches Recht. Gerichtsstand ist N\u00fcrnberg.<\/div>\n   <\/div>\n<\/div>\n<\/div>\n\n\n<!-- row text single -->\n<div class=\"gradientnone\">\n<div class=\"row rowSingleColumnWide spacing\">\n    <div class=\"col articleText\">\n        <div class=\"textStyle_default\" >\u00a9 PUMA SE, 2025<\/div>\n   <\/div>\n<\/div>\n<\/div>","protected":false},"excerpt":{"rendered":"","protected":false},"author":3,"featured_media":0,"parent":0,"menu_order":0,"comment_status":"closed","ping_status":"closed","template":"","meta":{"is_top_article":false,"is_featured_article":true,"EasyPostViewCounter":3407,"meta-headline":"","footnotes":""},"class_list":["post-134177","page","type-page","status-publish","hentry"],"_links":{"self":[{"href":"https:\/\/www.puma-catchup.com\/de\/wp-json\/wp\/v2\/pages\/134177","targetHints":{"allow":["GET"]}}],"collection":[{"href":"https:\/\/www.puma-catchup.com\/de\/wp-json\/wp\/v2\/pages"}],"about":[{"href":"https:\/\/www.puma-catchup.com\/de\/wp-json\/wp\/v2\/types\/page"}],"author":[{"embeddable":true,"href":"https:\/\/www.puma-catchup.com\/de\/wp-json\/wp\/v2\/users\/3"}],"replies":[{"embeddable":true,"href":"https:\/\/www.puma-catchup.com\/de\/wp-json\/wp\/v2\/comments?post=134177"}],"version-history":[{"count":0,"href":"https:\/\/www.puma-catchup.com\/de\/wp-json\/wp\/v2\/pages\/134177\/revisions"}],"wp:attachment":[{"href":"https:\/\/www.puma-catchup.com\/de\/wp-json\/wp\/v2\/media?parent=134177"}],"curies":[{"name":"wp","href":"https:\/\/api.w.org\/{rel}","templated":true}]}}